{"id":909,"date":"2020-11-04T13:14:22","date_gmt":"2020-11-04T16:14:22","guid":{"rendered":"https:\/\/casanani.com.br\/site\/?page_id=909"},"modified":"2025-11-13T10:26:55","modified_gmt":"2025-11-13T13:26:55","slug":"contato","status":"publish","type":"page","link":"https:\/\/casanani.com.br\/site\/contato\/","title":{"rendered":"Contato"},"content":{"rendered":"\t\t<div data-elementor-type=\"wp-page\" data-elementor-id=\"909\" class=\"elementor elementor-909\" data-elementor-settings=\"{&quot;ha_cmc_init_switcher&quot;:&quot;no&quot;}\" data-elementor-post-type=\"page\">\n\t\t\t\t\t\t<section class=\"elementor-section elementor-top-section elementor-element elementor-element-64e2e35 elementor-section-boxed elementor-section-height-default elementor-section-height-default\" data-id=\"64e2e35\" data-element_type=\"section\" data-e-type=\"section\" data-settings=\"{&quot;_ha_eqh_enable&quot;:false}\">\n\t\t\t\t\t\t<div class=\"elementor-container elementor-column-gap-default\">\n\t\t\t\t\t<div class=\"elementor-column elementor-col-100 elementor-top-column elementor-element elementor-element-549dfbe\" data-id=\"549dfbe\" data-element_type=\"column\" data-e-type=\"column\">\n\t\t\t<div class=\"elementor-widget-wrap elementor-element-populated\">\n\t\t\t\t\t\t<div class=\"elementor-element elementor-element-48cbb06 elementor-widget elementor-widget-spacer\" data-id=\"48cbb06\" data-element_type=\"widget\" data-e-type=\"widget\" data-widget_type=\"spacer.default\">\n\t\t\t\t<div class=\"elementor-widget-container\">\n\t\t\t\t\t\t\t<div class=\"elementor-spacer\">\n\t\t\t<div class=\"elementor-spacer-inner\"><\/div>\n\t\t<\/div>\n\t\t\t\t\t\t<\/div>\n\t\t\t\t<\/div>\n\t\t\t\t\t<\/div>\n\t\t<\/div>\n\t\t\t\t\t<\/div>\n\t\t<\/section>\n\t\t\t\t<section class=\"elementor-section elementor-top-section elementor-element elementor-element-100f2f2 elementor-section-boxed elementor-section-height-default elementor-section-height-default\" data-id=\"100f2f2\" data-element_type=\"section\" data-e-type=\"section\" data-settings=\"{&quot;_ha_eqh_enable&quot;:false}\">\n\t\t\t\t\t\t<div class=\"elementor-container elementor-column-gap-default\">\n\t\t\t\t\t<div class=\"elementor-column elementor-col-100 elementor-top-column elementor-element elementor-element-5272016\" data-id=\"5272016\" data-element_type=\"column\" data-e-type=\"column\">\n\t\t\t<div class=\"elementor-widget-wrap elementor-element-populated\">\n\t\t\t\t\t\t<div class=\"elementor-element elementor-element-da76ba4 elementor-widget elementor-widget-heading\" data-id=\"da76ba4\" data-element_type=\"widget\" data-e-type=\"widget\" data-widget_type=\"heading.default\">\n\t\t\t\t<div class=\"elementor-widget-container\">\n\t\t\t\t\t<h2 class=\"elementor-heading-title elementor-size-default\">Nossos Contatos<\/h2>\t\t\t\t<\/div>\n\t\t\t\t<\/div>\n\t\t\t\t\t<\/div>\n\t\t<\/div>\n\t\t\t\t\t<\/div>\n\t\t<\/section>\n\t\t\t\t<section class=\"elementor-section elementor-top-section elementor-element elementor-element-36631d1 elementor-section-content-middle elementor-section-boxed elementor-section-height-default elementor-section-height-default\" data-id=\"36631d1\" data-element_type=\"section\" data-e-type=\"section\" data-settings=\"{&quot;_ha_eqh_enable&quot;:false}\">\n\t\t\t\t\t\t<div class=\"elementor-container elementor-column-gap-default\">\n\t\t\t\t\t<div class=\"elementor-column elementor-col-50 elementor-top-column elementor-element elementor-element-532055b\" data-id=\"532055b\" data-element_type=\"column\" data-e-type=\"column\" data-settings=\"{&quot;background_background&quot;:&quot;classic&quot;}\">\n\t\t\t<div class=\"elementor-widget-wrap elementor-element-populated\">\n\t\t\t\t\t<div class=\"elementor-background-overlay\"><\/div>\n\t\t\t\t\t\t<div class=\"elementor-element elementor-element-b7c6748 elementor-icon-list--layout-traditional elementor-list-item-link-full_width elementor-widget elementor-widget-icon-list\" data-id=\"b7c6748\" data-element_type=\"widget\" data-e-type=\"widget\" data-widget_type=\"icon-list.default\">\n\t\t\t\t<div class=\"elementor-widget-container\">\n\t\t\t\t\t\t\t<ul class=\"elementor-icon-list-items\">\n\t\t\t\t\t\t\t<li class=\"elementor-icon-list-item\">\n\t\t\t\t\t\t\t\t\t\t\t<span class=\"elementor-icon-list-icon\">\n\t\t\t\t\t\t\t<i aria-hidden=\"true\" class=\"fas fa-map-marked-alt\"><\/i>\t\t\t\t\t\t<\/span>\n\t\t\t\t\t\t\t\t\t\t<span class=\"elementor-icon-list-text\">Rua Bambina, 135<br>Botafogo - Rio de Janeiro - RJ<br>CEP. 22251-050<br><\/span>\n\t\t\t\t\t\t\t\t\t<\/li>\n\t\t\t\t\t\t\t\t<li class=\"elementor-icon-list-item\">\n\t\t\t\t\t\t\t\t\t\t\t<span class=\"elementor-icon-list-icon\">\n\t\t\t\t\t\t\t<i aria-hidden=\"true\" class=\"fas fa-phone-alt\"><\/i>\t\t\t\t\t\t<\/span>\n\t\t\t\t\t\t\t\t\t\t<span class=\"elementor-icon-list-text\">21 2135 9532<\/span>\n\t\t\t\t\t\t\t\t\t<\/li>\n\t\t\t\t\t\t\t\t<li class=\"elementor-icon-list-item\">\n\t\t\t\t\t\t\t\t\t\t\t<span class=\"elementor-icon-list-icon\">\n\t\t\t\t\t\t\t<i aria-hidden=\"true\" class=\"fab fa-whatsapp\"><\/i>\t\t\t\t\t\t<\/span>\n\t\t\t\t\t\t\t\t\t\t<span class=\"elementor-icon-list-text\">21 99355 9683<\/span>\n\t\t\t\t\t\t\t\t\t<\/li>\n\t\t\t\t\t\t\t\t<li class=\"elementor-icon-list-item\">\n\t\t\t\t\t\t\t\t\t\t\t<a href=\"#elementor-action%3Aaction%3Dpopup%3Aopen%26settings%3DeyJpZCI6IjcwNiIsInRvZ2dsZSI6ZmFsc2V9\">\n\n\t\t\t\t\t\t\t\t\t\t\t<span class=\"elementor-icon-list-text\">Or\u00e7amento - Clique Aqui<\/span>\n\t\t\t\t\t\t\t\t\t\t\t<\/a>\n\t\t\t\t\t\t\t\t\t<\/li>\n\t\t\t\t\t\t\t\t<li class=\"elementor-icon-list-item\">\n\t\t\t\t\t\t\t\t\t\t\t<a href=\"\/site\/politica\">\n\n\t\t\t\t\t\t\t\t\t\t\t<span class=\"elementor-icon-list-text\">Nossa Pol\u00edtica de Privacidade<\/span>\n\t\t\t\t\t\t\t\t\t\t\t<\/a>\n\t\t\t\t\t\t\t\t\t<\/li>\n\t\t\t\t\t\t<\/ul>\n\t\t\t\t\t\t<\/div>\n\t\t\t\t<\/div>\n\t\t\t\t\t<\/div>\n\t\t<\/div>\n\t\t\t\t<div class=\"elementor-column elementor-col-50 elementor-top-column elementor-element elementor-element-d37250c\" data-id=\"d37250c\" data-element_type=\"column\" data-e-type=\"column\">\n\t\t\t<div class=\"elementor-widget-wrap elementor-element-populated\">\n\t\t\t\t\t\t<div class=\"elementor-element elementor-element-176c5c4 elementor-widget elementor-widget-text-editor\" data-id=\"176c5c4\" data-element_type=\"widget\" data-e-type=\"widget\" data-widget_type=\"text-editor.default\">\n\t\t\t\t<div class=\"elementor-widget-container\">\n\t\t\t\t\t\t\t\t\t<p>Preencha o formul\u00e1rio abaixo, em breve retornaremos o&nbsp; seu contato.<br>Campos com * s\u00e3o obrigat\u00f3rios<\/p>\t\t\t\t\t\t\t\t<\/div>\n\t\t\t\t<\/div>\n\t\t\t\t<div class=\"elementor-element elementor-element-31bb71ec elementor-button-align-stretch elementor-widget elementor-widget-form\" data-id=\"31bb71ec\" data-element_type=\"widget\" data-e-type=\"widget\" data-settings=\"{&quot;step_next_label&quot;:&quot;Pr\\u00f3ximo&quot;,&quot;step_previous_label&quot;:&quot;Anterior&quot;,&quot;button_width&quot;:&quot;30&quot;,&quot;step_type&quot;:&quot;number_text&quot;,&quot;step_icon_shape&quot;:&quot;circle&quot;}\" data-widget_type=\"form.default\">\n\t\t\t\t<div class=\"elementor-widget-container\">\n\t\t\t\t\t\t\t<form class=\"elementor-form\" method=\"post\" name=\"Contato\" aria-label=\"Contato\">\n\t\t\t<input type=\"hidden\" name=\"post_id\" value=\"909\"\/>\n\t\t\t<input type=\"hidden\" name=\"form_id\" value=\"31bb71ec\"\/>\n\t\t\t<input type=\"hidden\" name=\"referer_title\" value=\"Contato - Casanani - Fale com a gente! Envie suas sugest\u00f5es\" \/>\n\n\t\t\t\t\t\t\t<input type=\"hidden\" name=\"queried_id\" value=\"909\"\/>\n\t\t\t\n\t\t\t<div class=\"elementor-form-fields-wrapper elementor-labels-above\">\n\t\t\t\t\t\t\t\t<div class=\"elementor-field-type-text elementor-field-group elementor-column elementor-field-group-field_167e988 elementor-col-50 elementor-field-required elementor-mark-required\">\n\t\t\t\t\t\t\t\t\t\t\t\t<label for=\"form-field-field_167e988\" class=\"elementor-field-label\">\n\t\t\t\t\t\t\t\tSeu Nome\t\t\t\t\t\t\t<\/label>\n\t\t\t\t\t\t\t\t\t\t\t\t\t\t<input size=\"1\" type=\"text\" name=\"form_fields[field_167e988]\" id=\"form-field-field_167e988\" class=\"elementor-field elementor-size-sm  elementor-field-textual\" placeholder=\"Seu nome\" required=\"required\">\n\t\t\t\t\t\t\t\t\t\t\t<\/div>\n\t\t\t\t\t\t\t\t<div class=\"elementor-field-type-email elementor-field-group elementor-column elementor-field-group-email elementor-col-50 elementor-field-required elementor-mark-required\">\n\t\t\t\t\t\t\t\t\t\t\t\t<label for=\"form-field-email\" class=\"elementor-field-label\">\n\t\t\t\t\t\t\t\tE-mail\t\t\t\t\t\t\t<\/label>\n\t\t\t\t\t\t\t\t\t\t\t\t\t\t<input size=\"1\" type=\"email\" name=\"form_fields[email]\" id=\"form-field-email\" class=\"elementor-field elementor-size-sm  elementor-field-textual\" placeholder=\"E-mail\" required=\"required\">\n\t\t\t\t\t\t\t\t\t\t\t<\/div>\n\t\t\t\t\t\t\t\t<div class=\"elementor-field-type-text elementor-field-group elementor-column elementor-field-group-field_c194a23 elementor-col-50 elementor-field-required elementor-mark-required\">\n\t\t\t\t\t\t\t\t\t\t\t\t<label for=\"form-field-field_c194a23\" class=\"elementor-field-label\">\n\t\t\t\t\t\t\t\tTelefone\t\t\t\t\t\t\t<\/label>\n\t\t\t\t\t\t\t\t\t\t\t\t\t\t<input size=\"1\" type=\"text\" name=\"form_fields[field_c194a23]\" id=\"form-field-field_c194a23\" class=\"elementor-field elementor-size-sm  fme-mask-input mask_control_@ev-phone money_mask_format_@ mask_prefix_@ mask_decimal_places_@ mask_time_mask_format_@ fme_phone_format_@phone_ddd9 credit_card_options_@ mask_auto_placeholder_@yes fme_brazilian_formats_@ elementor-field-textual\" placeholder=\"Telefone\" required=\"required\" data-input_mask=\"ev-phone\">\n\t\t\t\t\t\t\t\t\t\t\t<\/div>\n\t\t\t\t\t\t\t\t<div class=\"elementor-field-type-select elementor-field-group elementor-column elementor-field-group-field_86fe190 elementor-col-50 elementor-field-required elementor-mark-required\">\n\t\t\t\t\t\t\t\t\t\t\t\t<label for=\"form-field-field_86fe190\" class=\"elementor-field-label\">\n\t\t\t\t\t\t\t\tAssunto\t\t\t\t\t\t\t<\/label>\n\t\t\t\t\t\t\t\t<div class=\"elementor-field elementor-select-wrapper remove-before \">\n\t\t\t<div class=\"select-caret-down-wrapper\">\n\t\t\t\t<i aria-hidden=\"true\" class=\"eicon-caret-down\"><\/i>\t\t\t<\/div>\n\t\t\t<select name=\"form_fields[field_86fe190]\" id=\"form-field-field_86fe190\" class=\"elementor-field-textual elementor-size-sm\" required=\"required\">\n\t\t\t\t\t\t\t\t\t<option value=\"Escolha uma op\u00e7\u00e3o\">Escolha uma op\u00e7\u00e3o<\/option>\n\t\t\t\t\t\t\t\t\t<option value=\"Sugest\u00e3o\">Sugest\u00e3o<\/option>\n\t\t\t\t\t\t\t\t\t<option value=\"D\u00favidas\">D\u00favidas<\/option>\n\t\t\t\t\t\t\t\t\t<option value=\"Cr\u00edtica\">Cr\u00edtica<\/option>\n\t\t\t\t\t\t\t\t\t<option value=\"Elogios\">Elogios<\/option>\n\t\t\t\t\t\t\t\t\t<option value=\"Quero receber liga\u00e7\u00e3o\">Quero receber liga\u00e7\u00e3o<\/option>\n\t\t\t\t\t\t\t\t\t<option value=\"Outros\">Outros<\/option>\n\t\t\t\t\t\t\t<\/select>\n\t\t<\/div>\n\t\t\t\t\t\t<\/div>\n\t\t\t\t\t\t\t\t<div class=\"elementor-field-type-textarea elementor-field-group elementor-column elementor-field-group-message elementor-col-100\">\n\t\t\t\t\t\t\t\t\t\t\t\t<label for=\"form-field-message\" class=\"elementor-field-label\">\n\t\t\t\t\t\t\t\tMensagem\t\t\t\t\t\t\t<\/label>\n\t\t\t\t\t\t<textarea class=\"elementor-field-textual elementor-field  elementor-size-sm\" name=\"form_fields[message]\" id=\"form-field-message\" rows=\"4\" placeholder=\"Mensagem\"><\/textarea>\t\t\t\t<\/div>\n\t\t\t\t\t\t\t\t<div class=\"elementor-field-type-recaptcha_v3 elementor-field-group elementor-column elementor-field-group-field_8df0379 elementor-col-100 recaptcha_v3-bottomright\">\n\t\t\t\t\t<div class=\"elementor-field\" id=\"form-field-field_8df0379\"><div class=\"elementor-g-recaptcha\" data-sitekey=\"6Ledz9wZAAAAAIADUsRsC0hHEiYutAalFVUH_DbR\" data-type=\"v3\" data-action=\"Form\" data-badge=\"bottomright\" data-size=\"invisible\"><\/div><\/div>\t\t\t\t<\/div>\n\t\t\t\t\t\t\t\t<div class=\"elementor-field-group elementor-column elementor-field-type-submit elementor-col-30 e-form__buttons\">\n\t\t\t\t\t<button class=\"elementor-button elementor-size-xs\" type=\"submit\">\n\t\t\t\t\t\t<span class=\"elementor-button-content-wrapper\">\n\t\t\t\t\t\t\t\t\t\t\t\t\t\t\t\t\t\t\t\t\t\t<span class=\"elementor-button-text\">ENVIAR<\/span>\n\t\t\t\t\t\t\t\t\t\t\t\t\t<\/span>\n\t\t\t\t\t<\/button>\n\t\t\t\t<\/div>\n\t\t\t<\/div>\n\t\t<\/form>\n\t\t\t\t\t\t<\/div>\n\t\t\t\t<\/div>\n\t\t\t\t\t<\/div>\n\t\t<\/div>\n\t\t\t\t\t<\/div>\n\t\t<\/section>\n\t\t\t\t<section class=\"elementor-section elementor-top-section elementor-element elementor-element-d01d5ad elementor-section-boxed elementor-section-height-default elementor-section-height-default\" data-id=\"d01d5ad\" data-element_type=\"section\" data-e-type=\"section\" data-settings=\"{&quot;_ha_eqh_enable&quot;:false}\">\n\t\t\t\t\t\t<div class=\"elementor-container elementor-column-gap-default\">\n\t\t\t\t\t<div class=\"elementor-column elementor-col-100 elementor-top-column elementor-element elementor-element-982d4ae\" data-id=\"982d4ae\" data-element_type=\"column\" data-e-type=\"column\">\n\t\t\t<div class=\"elementor-widget-wrap\">\n\t\t\t\t\t\t\t<\/div>\n\t\t<\/div>\n\t\t\t\t\t<\/div>\n\t\t<\/section>\n\t\t\t\t<\/div>\n\t\t","protected":false},"excerpt":{"rendered":"<p>Nossos Contatos Rua Bambina, 135Botafogo &#8211; Rio de Janeiro &#8211; RJCEP. 22251-050 21 2135 9532 21 99355 9683 Or\u00e7amento &#8211; Clique Aqui Nossa Pol\u00edtica de Privacidade Preencha o formul\u00e1rio abaixo, em breve retornaremos o&nbsp; seu contato.Campos com * s\u00e3o obrigat\u00f3rios<\/p>\n","protected":false},"author":1,"featured_media":0,"parent":0,"menu_order":0,"comment_status":"closed","ping_status":"closed","template":"","meta":{"footnotes":""},"class_list":["post-909","page","type-page","status-publish","hentry","wpbf-post"],"yoast_head":"<!-- This site is optimized with the Yoast SEO plugin v27.3 - https:\/\/yoast.com\/product\/yoast-seo-wordpress\/ -->\n<title>Contato - Casanani - Fale com a gente! Envie suas sugest\u00f5es<\/title>\n<meta name=\"description\" content=\"Fale com a gente! Quer saber mais informa\u00e7\u00f5es sobre nossos servi\u00e7os, tirar d\u00favidas, enviar sugest\u00f5es, trocar com a gente experi\u00eancias.\" \/>\n<meta name=\"robots\" content=\"index, follow, max-snippet:-1, max-image-preview:large, max-video-preview:-1\" \/>\n<link rel=\"canonical\" href=\"https:\/\/casanani.com.br\/site\/contato\/\" \/>\n<meta property=\"og:locale\" content=\"pt_BR\" \/>\n<meta property=\"og:type\" content=\"article\" \/>\n<meta property=\"og:title\" content=\"Contato - Casanani - Fale com a gente! Envie suas sugest\u00f5es\" \/>\n<meta property=\"og:description\" content=\"Fale com a gente! Quer saber mais informa\u00e7\u00f5es sobre nossos servi\u00e7os, tirar d\u00favidas, enviar sugest\u00f5es, trocar com a gente experi\u00eancias.\" \/>\n<meta property=\"og:url\" content=\"https:\/\/casanani.com.br\/site\/contato\/\" \/>\n<meta property=\"og:site_name\" content=\"Casanani\" \/>\n<meta property=\"article:publisher\" content=\"https:\/\/www.facebook.com\/Casa-Nani-111658573829357\" \/>\n<meta property=\"article:modified_time\" content=\"2025-11-13T13:26:55+00:00\" \/>\n<meta name=\"twitter:card\" content=\"summary_large_image\" \/>\n<meta name=\"twitter:label1\" content=\"Est. tempo de leitura\" \/>\n\t<meta name=\"twitter:data1\" content=\"1 minuto\" \/>\n<script type=\"application\/ld+json\" class=\"yoast-schema-graph\">{\"@context\":\"https:\\\/\\\/schema.org\",\"@graph\":[{\"@type\":\"WebPage\",\"@id\":\"https:\\\/\\\/casanani.com.br\\\/site\\\/contato\\\/\",\"url\":\"https:\\\/\\\/casanani.com.br\\\/site\\\/contato\\\/\",\"name\":\"Contato - Casanani - Fale com a gente! Envie suas sugest\u00f5es\",\"isPartOf\":{\"@id\":\"https:\\\/\\\/casanani.com.br\\\/site\\\/#website\"},\"datePublished\":\"2020-11-04T16:14:22+00:00\",\"dateModified\":\"2025-11-13T13:26:55+00:00\",\"description\":\"Fale com a gente! Quer saber mais informa\u00e7\u00f5es sobre nossos servi\u00e7os, tirar d\u00favidas, enviar sugest\u00f5es, trocar com a gente experi\u00eancias.\",\"breadcrumb\":{\"@id\":\"https:\\\/\\\/casanani.com.br\\\/site\\\/contato\\\/#breadcrumb\"},\"inLanguage\":\"pt-BR\",\"potentialAction\":[{\"@type\":\"ReadAction\",\"target\":[\"https:\\\/\\\/casanani.com.br\\\/site\\\/contato\\\/\"]}]},{\"@type\":\"BreadcrumbList\",\"@id\":\"https:\\\/\\\/casanani.com.br\\\/site\\\/contato\\\/#breadcrumb\",\"itemListElement\":[{\"@type\":\"ListItem\",\"position\":1,\"name\":\"In\u00edcio\",\"item\":\"https:\\\/\\\/casanani.com.br\\\/site\\\/\"},{\"@type\":\"ListItem\",\"position\":2,\"name\":\"Contato\"}]},{\"@type\":\"WebSite\",\"@id\":\"https:\\\/\\\/casanani.com.br\\\/site\\\/#website\",\"url\":\"https:\\\/\\\/casanani.com.br\\\/site\\\/\",\"name\":\"Casanani\",\"description\":\"Sua Casa de Festas no Rio de Janeiro\",\"publisher\":{\"@id\":\"https:\\\/\\\/casanani.com.br\\\/site\\\/#organization\"},\"potentialAction\":[{\"@type\":\"SearchAction\",\"target\":{\"@type\":\"EntryPoint\",\"urlTemplate\":\"https:\\\/\\\/casanani.com.br\\\/site\\\/?s={search_term_string}\"},\"query-input\":{\"@type\":\"PropertyValueSpecification\",\"valueRequired\":true,\"valueName\":\"search_term_string\"}}],\"inLanguage\":\"pt-BR\"},{\"@type\":\"Organization\",\"@id\":\"https:\\\/\\\/casanani.com.br\\\/site\\\/#organization\",\"name\":\"Casa Nani\",\"url\":\"https:\\\/\\\/casanani.com.br\\\/site\\\/\",\"logo\":{\"@type\":\"ImageObject\",\"inLanguage\":\"pt-BR\",\"@id\":\"https:\\\/\\\/casanani.com.br\\\/site\\\/#\\\/schema\\\/logo\\\/image\\\/\",\"url\":\"https:\\\/\\\/casanani.com.br\\\/site\\\/wp-content\\\/uploads\\\/2020\\\/09\\\/logo_casanani_horiz_azul.png\",\"contentUrl\":\"https:\\\/\\\/casanani.com.br\\\/site\\\/wp-content\\\/uploads\\\/2020\\\/09\\\/logo_casanani_horiz_azul.png\",\"width\":556,\"height\":104,\"caption\":\"Casa Nani\"},\"image\":{\"@id\":\"https:\\\/\\\/casanani.com.br\\\/site\\\/#\\\/schema\\\/logo\\\/image\\\/\"},\"sameAs\":[\"https:\\\/\\\/www.facebook.com\\\/Casa-Nani-111658573829357\",\"https:\\\/\\\/www.instagram.com\\\/casa_nani\\\/\"]}]}<\/script>\n<!-- \/ Yoast SEO plugin. -->","yoast_head_json":{"title":"Contato - Casanani - Fale com a gente! Envie suas sugest\u00f5es","description":"Fale com a gente! Quer saber mais informa\u00e7\u00f5es sobre nossos servi\u00e7os, tirar d\u00favidas, enviar sugest\u00f5es, trocar com a gente experi\u00eancias.","robots":{"index":"index","follow":"follow","max-snippet":"max-snippet:-1","max-image-preview":"max-image-preview:large","max-video-preview":"max-video-preview:-1"},"canonical":"https:\/\/casanani.com.br\/site\/contato\/","og_locale":"pt_BR","og_type":"article","og_title":"Contato - Casanani - Fale com a gente! Envie suas sugest\u00f5es","og_description":"Fale com a gente! Quer saber mais informa\u00e7\u00f5es sobre nossos servi\u00e7os, tirar d\u00favidas, enviar sugest\u00f5es, trocar com a gente experi\u00eancias.","og_url":"https:\/\/casanani.com.br\/site\/contato\/","og_site_name":"Casanani","article_publisher":"https:\/\/www.facebook.com\/Casa-Nani-111658573829357","article_modified_time":"2025-11-13T13:26:55+00:00","twitter_card":"summary_large_image","twitter_misc":{"Est. tempo de leitura":"1 minuto"},"schema":{"@context":"https:\/\/schema.org","@graph":[{"@type":"WebPage","@id":"https:\/\/casanani.com.br\/site\/contato\/","url":"https:\/\/casanani.com.br\/site\/contato\/","name":"Contato - Casanani - Fale com a gente! Envie suas sugest\u00f5es","isPartOf":{"@id":"https:\/\/casanani.com.br\/site\/#website"},"datePublished":"2020-11-04T16:14:22+00:00","dateModified":"2025-11-13T13:26:55+00:00","description":"Fale com a gente! Quer saber mais informa\u00e7\u00f5es sobre nossos servi\u00e7os, tirar d\u00favidas, enviar sugest\u00f5es, trocar com a gente experi\u00eancias.","breadcrumb":{"@id":"https:\/\/casanani.com.br\/site\/contato\/#breadcrumb"},"inLanguage":"pt-BR","potentialAction":[{"@type":"ReadAction","target":["https:\/\/casanani.com.br\/site\/contato\/"]}]},{"@type":"BreadcrumbList","@id":"https:\/\/casanani.com.br\/site\/contato\/#breadcrumb","itemListElement":[{"@type":"ListItem","position":1,"name":"In\u00edcio","item":"https:\/\/casanani.com.br\/site\/"},{"@type":"ListItem","position":2,"name":"Contato"}]},{"@type":"WebSite","@id":"https:\/\/casanani.com.br\/site\/#website","url":"https:\/\/casanani.com.br\/site\/","name":"Casanani","description":"Sua Casa de Festas no Rio de Janeiro","publisher":{"@id":"https:\/\/casanani.com.br\/site\/#organization"},"potentialAction":[{"@type":"SearchAction","target":{"@type":"EntryPoint","urlTemplate":"https:\/\/casanani.com.br\/site\/?s={search_term_string}"},"query-input":{"@type":"PropertyValueSpecification","valueRequired":true,"valueName":"search_term_string"}}],"inLanguage":"pt-BR"},{"@type":"Organization","@id":"https:\/\/casanani.com.br\/site\/#organization","name":"Casa Nani","url":"https:\/\/casanani.com.br\/site\/","logo":{"@type":"ImageObject","inLanguage":"pt-BR","@id":"https:\/\/casanani.com.br\/site\/#\/schema\/logo\/image\/","url":"https:\/\/casanani.com.br\/site\/wp-content\/uploads\/2020\/09\/logo_casanani_horiz_azul.png","contentUrl":"https:\/\/casanani.com.br\/site\/wp-content\/uploads\/2020\/09\/logo_casanani_horiz_azul.png","width":556,"height":104,"caption":"Casa Nani"},"image":{"@id":"https:\/\/casanani.com.br\/site\/#\/schema\/logo\/image\/"},"sameAs":["https:\/\/www.facebook.com\/Casa-Nani-111658573829357","https:\/\/www.instagram.com\/casa_nani\/"]}]}},"_links":{"self":[{"href":"https:\/\/casanani.com.br\/site\/wp-json\/wp\/v2\/pages\/909","targetHints":{"allow":["GET"]}}],"collection":[{"href":"https:\/\/casanani.com.br\/site\/wp-json\/wp\/v2\/pages"}],"about":[{"href":"https:\/\/casanani.com.br\/site\/wp-json\/wp\/v2\/types\/page"}],"author":[{"embeddable":true,"href":"https:\/\/casanani.com.br\/site\/wp-json\/wp\/v2\/users\/1"}],"replies":[{"embeddable":true,"href":"https:\/\/casanani.com.br\/site\/wp-json\/wp\/v2\/comments?post=909"}],"version-history":[{"count":82,"href":"https:\/\/casanani.com.br\/site\/wp-json\/wp\/v2\/pages\/909\/revisions"}],"predecessor-version":[{"id":3671,"href":"https:\/\/casanani.com.br\/site\/wp-json\/wp\/v2\/pages\/909\/revisions\/3671"}],"wp:attachment":[{"href":"https:\/\/casanani.com.br\/site\/wp-json\/wp\/v2\/media?parent=909"}],"curies":[{"name":"wp","href":"https:\/\/api.w.org\/{rel}","templated":true}]}}